{"id":64,"date":"2025-05-06T21:41:22","date_gmt":"2025-05-06T19:41:22","guid":{"rendered":"https:\/\/fundacja.bogumilburzynski.pl\/index.php\/about\/"},"modified":"2025-11-03T14:47:40","modified_gmt":"2025-11-03T13:47:40","slug":"about","status":"publish","type":"page","link":"https:\/\/fundacja.bogumilburzynski.pl\/en\/about\/","title":{"rendered":"About"},"content":{"rendered":"<div data-elementor-type=\"wp-page\" data-elementor-id=\"64\" class=\"elementor elementor-64\" data-elementor-post-type=\"page\">\n\t\t\t\t<div class=\"elementor-element elementor-element-20c30ac9 e-flex e-con-boxed e-con e-parent\" data-id=\"20c30ac9\" data-element_type=\"container\" data-e-type=\"container\">\n\t\t\t\t\t<div class=\"e-con-inner\">\n\t\t\t\t<div class=\"elementor-element elementor-element-23d86acf elementor-widget elementor-widget-heading\" data-id=\"23d86acf\" data-element_type=\"widget\" data-e-type=\"widget\" data-widget_type=\"heading.default\">\n\t\t\t\t<div class=\"elementor-widget-container\">\n\t\t\t\t\t<h1 class=\"elementor-heading-title elementor-size-default\">Foundation goals<\/h1>\t\t\t\t<\/div>\n\t\t\t\t<\/div>\n\t\t\t\t<div class=\"elementor-element elementor-element-71f8d63 elementor-widget-divider--view-line elementor-widget elementor-widget-divider\" data-id=\"71f8d63\" data-element_type=\"widget\" data-e-type=\"widget\" data-widget_type=\"divider.default\">\n\t\t\t\t<div class=\"elementor-widget-container\">\n\t\t\t\t\t\t\t<div class=\"elementor-divider\">\n\t\t\t<span class=\"elementor-divider-separator\">\n\t\t\t\t\t\t<\/span>\n\t\t<\/div>\n\t\t\t\t\t\t<\/div>\n\t\t\t\t<\/div>\n\t\t\t\t<div class=\"elementor-element elementor-element-6d5a0879 elementor-widget elementor-widget-text-editor\" data-id=\"6d5a0879\" data-element_type=\"widget\" data-e-type=\"widget\" data-widget_type=\"text-editor.default\">\n\t\t\t\t<div class=\"elementor-widget-container\">\n\t\t\t\t\t\t\t\t\t<div><ul><li>Preserving, protecting, and promoting the artistic work of Bogumi\u0142 Burzy\u0144ski.<\/li><li>Caring for the art studio located at 2A Kobyli\u0144skiego Street in Katowice.<\/li><li>Managing the artistic legacy of Zygmunt Brachma\u0144ski in agreement with his family, including conservation, documentation, archiving, digitization, reproduction for museums and collectors, and promotion of his artistic achievements.<\/li><li>Supporting and developing creativity and culture in the field of sculpture and visual arts.<\/li><li>Carrying out projects in public spaces.<\/li><li>Promoting art through organizing exhibitions, displays, and publications related to sculpture and other forms of artistic expression.<\/li><li>Providing consulting and advisory services in the field of art, with particular emphasis on sculpture repair and conservation.<\/li><li>Organizing workshops and training in sculpture, art, and conservation of artistic works.<\/li><li>Supporting the creative process through the purchase of materials and tools for the creation of sculptures and other visual arts\u2014both for the Foundation\u2019s own needs and within the framework of artistic and workshop projects.<\/li><li>Supporting young artists through organizing competitions and exhibitions.<\/li><li>Identifying and nurturing artistic talents among children and youth.<\/li><li>Organizing and supporting educational and artistic trips for individuals engaged in artistic and cultural activities.<\/li><li>Promoting culture and art in Poland and abroad.<\/li><li>Creating spaces for intercultural dialogue and promoting Polish art on the international stage.<\/li><li>Initiating artistic, cultural, and educational projects that foster creativity and innovation.<\/li><li>Promoting a healthy lifestyle, preventing addictions and social pathologies.<\/li><li>Supporting intergenerational integration.<\/li><li>Cooperating with local government bodies and cultural institutions in areas aligned with the Foundation\u2019s statutory objectives.<\/li><li>Conducting public benefit activities in the field of culture, art, protection of cultural property, and national heritage in accordance with Article 4 of the Act on Public Benefit and Volunteer Work.<\/li><li>Organizing and supporting initiatives related to the regional traditions of Silesian culture.<\/li><\/ul><\/div>\t\t\t\t\t\t\t\t<\/div>\n\t\t\t\t<\/div>\n\t\t\t\t\t<\/div>\n\t\t\t\t<\/div>\n\t\t<div class=\"elementor-element elementor-element-332bf24 e-flex e-con-boxed e-con e-parent\" data-id=\"332bf24\" data-element_type=\"container\" data-e-type=\"container\">\n\t\t\t\t\t<div class=\"e-con-inner\">\n\t\t\t\t<div class=\"elementor-element elementor-element-bf4f168 elementor-widget elementor-widget-image\" data-id=\"bf4f168\" data-element_type=\"widget\" data-e-type=\"widget\" data-widget_type=\"image.default\">\n\t\t\t\t<div class=\"elementor-widget-container\">\n\t\t\t\t\t\t\t\t\t\t\t\t\t\t\t<img decoding=\"async\" src=\"https:\/\/fundacja.bogumilburzynski.pl\/wp-content\/uploads\/elementor\/thumbs\/kolping-projekt-2-r5ffnpea1nkg3l6anh1eyu1n2zmirysx3oqudo2dxg.png\" title=\"kolping-projekt-2\" alt=\"kolping-projekt-2\" loading=\"lazy\" \/>\t\t\t\t\t\t\t\t\t\t\t\t\t\t\t<\/div>\n\t\t\t\t<\/div>\n\t\t\t\t\t<\/div>\n\t\t\t\t<\/div>\n\t\t\t\t<\/div>","protected":false},"excerpt":{"rendered":"<p>Cele fundacji Zachowanie, ochrona i promocja tw\u00f3rczo\u015bci artystycznej Bogumi\u0142a Burzy\u0144skiego. Opieka nad pracowni\u0105 artystyczn\u0105 zlokalizowan\u0105 przy ul. Kobyli\u0144skiego 2A w Katowicach Opieka nad spu\u015bcizn\u0105 artystyczn\u0105 Zygmunta Brachma\u0144skiego w porozumieniu z jego rodzin\u0105, w tym konserwacja, dokumentacja, archiwizacja, digitalizacja, kopiowanie dla muze\u00f3w i kolekcjoner\u00f3w oraz popularyzacja jego dorobku artystycznego. Wspieranie i rozw\u00f3j tw\u00f3rczo\u015bci i kultury w [&hellip;]<\/p>\n","protected":false},"author":3,"featured_media":0,"parent":0,"menu_order":0,"comment_status":"closed","ping_status":"closed","template":"elementor_header_footer","meta":{"_monsterinsights_skip_tracking":false,"_monsterinsights_sitenote_active":false,"_monsterinsights_sitenote_note":"","_monsterinsights_sitenote_category":0,"footnotes":""},"class_list":["post-64","page","type-page","status-publish","hentry"],"_links":{"self":[{"href":"https:\/\/fundacja.bogumilburzynski.pl\/en\/wp-json\/wp\/v2\/pages\/64","targetHints":{"allow":["GET"]}}],"collection":[{"href":"https:\/\/fundacja.bogumilburzynski.pl\/en\/wp-json\/wp\/v2\/pages"}],"about":[{"href":"https:\/\/fundacja.bogumilburzynski.pl\/en\/wp-json\/wp\/v2\/types\/page"}],"author":[{"embeddable":true,"href":"https:\/\/fundacja.bogumilburzynski.pl\/en\/wp-json\/wp\/v2\/users\/3"}],"replies":[{"embeddable":true,"href":"https:\/\/fundacja.bogumilburzynski.pl\/en\/wp-json\/wp\/v2\/comments?post=64"}],"version-history":[{"count":17,"href":"https:\/\/fundacja.bogumilburzynski.pl\/en\/wp-json\/wp\/v2\/pages\/64\/revisions"}],"predecessor-version":[{"id":159,"href":"https:\/\/fundacja.bogumilburzynski.pl\/en\/wp-json\/wp\/v2\/pages\/64\/revisions\/159"}],"wp:attachment":[{"href":"https:\/\/fundacja.bogumilburzynski.pl\/en\/wp-json\/wp\/v2\/media?parent=64"}],"curies":[{"name":"wp","href":"https:\/\/api.w.org\/{rel}","templated":true}]}}