{"id":61,"date":"2025-05-06T21:41:22","date_gmt":"2025-05-06T19:41:22","guid":{"rendered":"https:\/\/fundacja.bogumilburzynski.pl\/index.php\/home\/"},"modified":"2025-11-03T14:47:41","modified_gmt":"2025-11-03T13:47:41","slug":"home","status":"publish","type":"page","link":"https:\/\/fundacja.bogumilburzynski.pl\/en\/","title":{"rendered":"Strona g\u0142\u00f3wna &#8211; Fundacja Bogumi\u0142a Burzy\u0144skiego dla \u015al\u0105ska, Kultury i Sztuki"},"content":{"rendered":"<div data-elementor-type=\"wp-page\" data-elementor-id=\"61\" class=\"elementor elementor-61\" data-elementor-post-type=\"page\">\n\t\t\t\t<div class=\"elementor-element elementor-element-175e8fc9 e-flex e-con-boxed e-con e-parent\" data-id=\"175e8fc9\" data-element_type=\"container\" data-e-type=\"container\">\n\t\t\t\t\t<div class=\"e-con-inner\">\n\t\t\t\t<div class=\"elementor-element elementor-element-1f94f07c elementor-widget elementor-widget-heading\" data-id=\"1f94f07c\" data-element_type=\"widget\" data-e-type=\"widget\" data-widget_type=\"heading.default\">\n\t\t\t\t<div class=\"elementor-widget-container\">\n\t\t\t\t\t<h1 class=\"elementor-heading-title elementor-size-default\">Bogumi\u0142 Burzy\u0144ski Foundation<\/h1>\t\t\t\t<\/div>\n\t\t\t\t<\/div>\n\t\t\t\t<div class=\"elementor-element elementor-element-30dd2a59 elementor-widget__width-initial elementor-widget-mobile__width-inherit elementor-widget elementor-widget-text-editor\" data-id=\"30dd2a59\" data-element_type=\"widget\" data-e-type=\"widget\" data-widget_type=\"text-editor.default\">\n\t\t\t\t<div class=\"elementor-widget-container\">\n\t\t\t\t\t\t\t\t\t<p>FOR SILESIA, CULTURE AND ART<\/p>\t\t\t\t\t\t\t\t<\/div>\n\t\t\t\t<\/div>\n\t\t\t\t<div class=\"elementor-element elementor-element-f381454 elementor-widget elementor-widget-image\" data-id=\"f381454\" data-element_type=\"widget\" data-e-type=\"widget\" data-widget_type=\"image.default\">\n\t\t\t\t<div class=\"elementor-widget-container\">\n\t\t\t\t\t\t\t\t\t\t\t\t\t\t\t<img fetchpriority=\"high\" decoding=\"async\" width=\"800\" height=\"600\" src=\"https:\/\/fundacja.bogumilburzynski.pl\/wp-content\/uploads\/2025\/05\/EMAUS-II-1024x768.jpg\" class=\"attachment-large size-large wp-image-139\" alt=\"\" srcset=\"https:\/\/fundacja.bogumilburzynski.pl\/wp-content\/uploads\/2025\/05\/EMAUS-II-1024x768.jpg 1024w, https:\/\/fundacja.bogumilburzynski.pl\/wp-content\/uploads\/2025\/05\/EMAUS-II-300x225.jpg 300w, https:\/\/fundacja.bogumilburzynski.pl\/wp-content\/uploads\/2025\/05\/EMAUS-II-768x576.jpg 768w, https:\/\/fundacja.bogumilburzynski.pl\/wp-content\/uploads\/2025\/05\/EMAUS-II-1536x1152.jpg 1536w, https:\/\/fundacja.bogumilburzynski.pl\/wp-content\/uploads\/2025\/05\/EMAUS-II-2048x1536.jpg 2048w\" sizes=\"(max-width: 800px) 100vw, 800px\" \/>\t\t\t\t\t\t\t\t\t\t\t\t\t\t\t<\/div>\n\t\t\t\t<\/div>\n\t\t\t\t<div class=\"elementor-element elementor-element-10c4eb4 elementor-widget elementor-widget-heading\" data-id=\"10c4eb4\" data-element_type=\"widget\" data-e-type=\"widget\" data-widget_type=\"heading.default\">\n\t\t\t\t<div class=\"elementor-widget-container\">\n\t\t\t\t\t<h6 class=\"elementor-heading-title elementor-size-default\"><a href=\"https:\/\/bogumilburzynski.pl\">Strona artysty \ud83d\udd17<\/a><\/h6>\t\t\t\t<\/div>\n\t\t\t\t<\/div>\n\t\t<div class=\"elementor-element elementor-element-11f3248 e-con-full e-flex e-con e-child\" data-id=\"11f3248\" data-element_type=\"container\" data-e-type=\"container\">\n\t\t\t\t<div class=\"elementor-element elementor-element-21e75c2 elementor-widget elementor-widget-heading\" data-id=\"21e75c2\" data-element_type=\"widget\" data-e-type=\"widget\" data-widget_type=\"heading.default\">\n\t\t\t\t<div class=\"elementor-widget-container\">\n\t\t\t\t\t<h4 class=\"elementor-heading-title elementor-size-default\">Latest activity<\/h4>\t\t\t\t<\/div>\n\t\t\t\t<\/div>\n\t\t\t\t<\/div>\n\t\t\t\t\t<\/div>\n\t\t\t\t<\/div>\n\t\t\t\t<\/div>","protected":false},"excerpt":{"rendered":"<p>Fundacja Bogumi\u0142a Burzy\u0144skiego DLA \u015aL\u0104SKA, KULTURY I SZTUKI Strona artysty \ud83d\udd17 Ostatnia aktywno\u015b\u0107<\/p>","protected":false},"author":3,"featured_media":0,"parent":0,"menu_order":0,"comment_status":"closed","ping_status":"closed","template":"","meta":{"_monsterinsights_skip_tracking":false,"_monsterinsights_sitenote_active":false,"_monsterinsights_sitenote_note":"","_monsterinsights_sitenote_category":0,"footnotes":""},"class_list":["post-61","page","type-page","status-publish","hentry"],"_links":{"self":[{"href":"https:\/\/fundacja.bogumilburzynski.pl\/en\/wp-json\/wp\/v2\/pages\/61","targetHints":{"allow":["GET"]}}],"collection":[{"href":"https:\/\/fundacja.bogumilburzynski.pl\/en\/wp-json\/wp\/v2\/pages"}],"about":[{"href":"https:\/\/fundacja.bogumilburzynski.pl\/en\/wp-json\/wp\/v2\/types\/page"}],"author":[{"embeddable":true,"href":"https:\/\/fundacja.bogumilburzynski.pl\/en\/wp-json\/wp\/v2\/users\/3"}],"replies":[{"embeddable":true,"href":"https:\/\/fundacja.bogumilburzynski.pl\/en\/wp-json\/wp\/v2\/comments?post=61"}],"version-history":[{"count":108,"href":"https:\/\/fundacja.bogumilburzynski.pl\/en\/wp-json\/wp\/v2\/pages\/61\/revisions"}],"predecessor-version":[{"id":517,"href":"https:\/\/fundacja.bogumilburzynski.pl\/en\/wp-json\/wp\/v2\/pages\/61\/revisions\/517"}],"wp:attachment":[{"href":"https:\/\/fundacja.bogumilburzynski.pl\/en\/wp-json\/wp\/v2\/media?parent=61"}],"curies":[{"name":"wp","href":"https:\/\/api.w.org\/{rel}","templated":true}]}}