{"id":164,"date":"2025-05-07T00:06:16","date_gmt":"2025-05-06T22:06:16","guid":{"rendered":"https:\/\/fundacja.bogumilburzynski.pl\/?page_id=164"},"modified":"2025-11-03T14:47:39","modified_gmt":"2025-11-03T13:47:39","slug":"contact","status":"publish","type":"page","link":"https:\/\/fundacja.bogumilburzynski.pl\/en\/contact\/","title":{"rendered":"Contact"},"content":{"rendered":"<div data-elementor-type=\"wp-page\" data-elementor-id=\"164\" class=\"elementor elementor-164\" data-elementor-post-type=\"page\">\n\t\t\t\t<div class=\"elementor-element elementor-element-55b4988 e-flex e-con-boxed e-con e-parent\" data-id=\"55b4988\" data-element_type=\"container\" data-e-type=\"container\">\n\t\t\t\t\t<div class=\"e-con-inner\">\n\t\t\t\t<div class=\"elementor-element elementor-element-79f7ef5 elementor-widget elementor-widget-heading\" data-id=\"79f7ef5\" data-element_type=\"widget\" data-e-type=\"widget\" data-widget_type=\"heading.default\">\n\t\t\t\t<div class=\"elementor-widget-container\">\n\t\t\t\t\t<h2 class=\"elementor-heading-title elementor-size-default\">Foundation Contact<\/h2>\t\t\t\t<\/div>\n\t\t\t\t<\/div>\n\t\t\t\t<div class=\"elementor-element elementor-element-5bc694f elementor-widget-divider--view-line elementor-widget elementor-widget-divider\" data-id=\"5bc694f\" data-element_type=\"widget\" data-e-type=\"widget\" data-widget_type=\"divider.default\">\n\t\t\t\t<div class=\"elementor-widget-container\">\n\t\t\t\t\t\t\t<div class=\"elementor-divider\">\n\t\t\t<span class=\"elementor-divider-separator\">\n\t\t\t\t\t\t<\/span>\n\t\t<\/div>\n\t\t\t\t\t\t<\/div>\n\t\t\t\t<\/div>\n\t\t<div class=\"elementor-element elementor-element-84f668b e-con-full e-grid e-con e-child\" data-id=\"84f668b\" data-element_type=\"container\" data-e-type=\"container\">\n\t\t\t\t<div class=\"elementor-element elementor-element-ec535a3 elementor-widget elementor-widget-text-editor\" data-id=\"ec535a3\" data-element_type=\"widget\" data-e-type=\"widget\" data-widget_type=\"text-editor.default\">\n\t\t\t\t<div class=\"elementor-widget-container\">\n\t\t\t\t\t\t\t\t\t<h4>Fundacja Bogumi\u0142a Burzy\u0144skiego dla \u015al\u0105ska, Kultury i Sztuki<\/h4>\n<p>Registered address:<br \/>28 Poziomkowa Street, 40-693 Katowice, Poland<\/p>\n<p>e-mail:<br \/>bbstrona@gmail.com<\/p>\n<p>phone:<br \/>+48 606 475 803<\/p>\t\t\t\t\t\t\t\t<\/div>\n\t\t\t\t<\/div>\n\t\t\t\t<div class=\"elementor-element elementor-element-88ec5ed elementor-widget elementor-widget-text-editor\" data-id=\"88ec5ed\" data-element_type=\"widget\" data-e-type=\"widget\" data-widget_type=\"text-editor.default\">\n\t\t\t\t<div class=\"elementor-widget-container\">\n\t\t\t\t\t\t\t\t\t<p>TIN (NIP): 6343053424<\/p><p>REGON: 541216072<\/p><p>National Court Register (KRS): 0001162722<\/p>\t\t\t\t\t\t\t\t<\/div>\n\t\t\t\t<\/div>\n\t\t\t\t<div class=\"elementor-element elementor-element-fef0f89 elementor-widget elementor-widget-text-editor\" data-id=\"fef0f89\" data-element_type=\"widget\" data-e-type=\"widget\" data-widget_type=\"text-editor.default\">\n\t\t\t\t<div class=\"elementor-widget-container\">\n\t\t\t\t\t\t\t\t\t<p>Bank account number (PLN):<\/p><pre>75 1140 2004 0000 3102 8568 3073<\/pre>\t\t\t\t\t\t\t\t<\/div>\n\t\t\t\t<\/div>\n\t\t\t\t<\/div>\n\t\t\t\t\t<\/div>\n\t\t\t\t<\/div>\n\t\t\t\t<\/div>","protected":false},"excerpt":{"rendered":"<p>Kontakt Fundacji Fundacja Bogumi\u0142a Burzy\u0144skiego dla \u015al\u0105ska, Kultury i Sztuki Adres siedziby:ul. Poziomkowa 28, 40-693 Katowice, Polska e-mail:bbstrona@gmail.com telefon:+48 606 475 803 NIP: 6343053424 REGON: 541216072 KRS: 0001162722 Numer rachunku bankowego (PLN): 75 1140 2004 0000 3102 8568 3073<\/p>","protected":false},"author":3,"featured_media":0,"parent":0,"menu_order":0,"comment_status":"closed","ping_status":"closed","template":"","meta":{"_monsterinsights_skip_tracking":false,"_monsterinsights_sitenote_active":false,"_monsterinsights_sitenote_note":"","_monsterinsights_sitenote_category":0,"footnotes":""},"class_list":["post-164","page","type-page","status-publish","hentry"],"_links":{"self":[{"href":"https:\/\/fundacja.bogumilburzynski.pl\/en\/wp-json\/wp\/v2\/pages\/164","targetHints":{"allow":["GET"]}}],"collection":[{"href":"https:\/\/fundacja.bogumilburzynski.pl\/en\/wp-json\/wp\/v2\/pages"}],"about":[{"href":"https:\/\/fundacja.bogumilburzynski.pl\/en\/wp-json\/wp\/v2\/types\/page"}],"author":[{"embeddable":true,"href":"https:\/\/fundacja.bogumilburzynski.pl\/en\/wp-json\/wp\/v2\/users\/3"}],"replies":[{"embeddable":true,"href":"https:\/\/fundacja.bogumilburzynski.pl\/en\/wp-json\/wp\/v2\/comments?post=164"}],"version-history":[{"count":35,"href":"https:\/\/fundacja.bogumilburzynski.pl\/en\/wp-json\/wp\/v2\/pages\/164\/revisions"}],"predecessor-version":[{"id":264,"href":"https:\/\/fundacja.bogumilburzynski.pl\/en\/wp-json\/wp\/v2\/pages\/164\/revisions\/264"}],"wp:attachment":[{"href":"https:\/\/fundacja.bogumilburzynski.pl\/en\/wp-json\/wp\/v2\/media?parent=164"}],"curies":[{"name":"wp","href":"https:\/\/api.w.org\/{rel}","templated":true}]}}